{"id":342,"date":"2025-09-10T16:59:37","date_gmt":"2025-09-10T14:59:37","guid":{"rendered":"https:\/\/promo.vinyalsfinques.com\/?page_id=342"},"modified":"2025-09-10T17:01:56","modified_gmt":"2025-09-10T15:01:56","slug":"politica-de-privadesa","status":"publish","type":"page","link":"https:\/\/promo.vinyalsfinques.com\/ca\/politica-de-privadesa\/","title":{"rendered":"Pol\u00edtica de privadesa"},"content":{"rendered":"<div data-elementor-type=\"wp-page\" data-elementor-id=\"342\" class=\"elementor elementor-342\" data-elementor-post-type=\"page\">\n\t\t\t\t<div class=\"elementor-element elementor-element-85a449d e-flex e-con-boxed e-con e-parent\" data-id=\"85a449d\" data-element_type=\"container\">\n\t\t\t\t\t<div class=\"e-con-inner\">\n\t\t\t\t<div class=\"elementor-element elementor-element-bfaa944 elementor-widget elementor-widget-heading\" data-id=\"bfaa944\" data-element_type=\"widget\" data-widget_type=\"heading.default\">\n\t\t\t\t\t<h2 class=\"elementor-heading-title elementor-size-default\">Pol\u00edtica de privadesa<\/h2>\t\t\t\t<\/div>\n\t\t\t\t<div class=\"elementor-element elementor-element-c6e5aff elementor-widget elementor-widget-text-editor\" data-id=\"c6e5aff\" data-element_type=\"widget\" data-widget_type=\"text-editor.default\">\n\t\t\t\t\t\t\t\t\t<div class=\"ql-block\" data-block-id=\"block-b0989eba-ad94-4ecd-bdba-c9699a5d377c\">Aquesta Pol\u00edtica de Privadesa constitueix juntament amb les Normes de participaci\u00f3 i l&#039;av\u00eds legal el marc jur\u00eddic que regula l&#039;\u00fas del lloc web <a href=\"https:\/\/promo.vinyalsfinques.com\/ca\">https:\/\/promo.vinyalsfinques.com\/<\/a><span class=\"ql-badge ql-badge-orange\">.<\/span> Aquesta Pol\u00edtica de Privadesa en concret regula l&#039;\u00fas i el tractament que L&#039;EMPRESA d\u00f3na a les vostres dades de car\u00e0cter personal com a usuari del Lloc web, ja que en accedir a aquesta p\u00e0gina web passa a tenir la condici\u00f3 d&#039;usuari d&#039;aquesta web (d&#039;ara endavant, l&#039;\u201cUsuari\u201d).<\/div>\n<p><\/p>\n<div class=\"ql-block ql-align-justify\" data-block-id=\"block-41b2257d-149e-4db4-818c-785a5af5fbe3\"><strong>Aquest lloc web \u00e9s titularitat de:<\/strong><\/div>\n<div class=\"ql-block ql-align-justify\" data-block-id=\"block-b4f8c65b-c15a-4e09-a3d2-73f7820979f5\">LANTAMIC2020 SLU, amb domicili social a Cam\u00ed de Can Quirze, 3, 1r a, 08304 Matar\u00f3<span class=\"ql-badge ql-badge-orange\"> i CIF: B67968560<\/span>&nbsp;, d&#039;ara endavant l&#039;EMPRESA.<\/div>\n<div class=\"ql-block\" data-block-id=\"block-f870ed6f-9345-432b-b35e-e8e081f40f46\">Al Lloc Web trobareu a la vostra disposici\u00f3 aquesta Pol\u00edtica de Privadesa en catal\u00e0 perqu\u00e8 la pugueu consultar, arxivar o imprimir en qualsevol moment. \u00c9s possible que vari\u00ef amb el temps com a conseq\u00fc\u00e8ncia de canvis al Lloc Web, novetats legislatives o jurisprudencials o perqu\u00e8 sorgeixin criteris nous de l&#039;Ag\u00e8ncia Espanyola de Protecci\u00f3 de Dades o la nova normativa europea ens obligui a fer futures modificacions. Per aix\u00f2, l&#039;EMPRESA es reserva el dret a modificar aquesta Pol\u00edtica de Privadesa i recomana llegir detingudament la Pol\u00edtica de Privadesa sempre que s&#039;accedeixi al Lloc Web.<\/div>\n<p><\/p>\n<div class=\"ql-block ql-align-justify\" data-block-id=\"block-1c000ca0-d0cc-4132-bc0f-85b6c89c26d7\"><strong>Confidencialitat<\/strong><\/div>\n<div class=\"ql-block ql-align-justify\" data-block-id=\"block-bef07785-8dec-452e-8014-9077b5f8a65c\">L&#039;EMPRESA es compromet a complir la seva obligaci\u00f3 de secret de les dades de car\u00e0cter personal i el deure de guardar-les de forma confidencial i adopta les mesures necess\u00e0ries per evitar-ne l&#039;alteraci\u00f3, la p\u00e8rdua, el tractament o l&#039;acc\u00e9s no autoritzat, tenint en compte en tot moment l&#039;estat de la tecnologia.<\/div>\n<div class=\"ql-block ql-align-justify\" data-block-id=\"block-bb180ae9-fbd0-48a0-8e55-dc6c8aeeaac7\">&nbsp;<\/div>\n<div class=\"ql-block ql-align-justify\" data-block-id=\"block-1ea3462c-d19b-4bb2-900e-531359afad7e\"><strong>Seguretat de les dades<\/strong><\/div>\n<div class=\"ql-block ql-align-justify\" data-block-id=\"block-1f93f98f-93a2-4d1d-9f4b-ab8d89468570\">L\u00b4EMPRESA garanteix l\u00b4adopci\u00f3 de les mesures oportunes per assegurar el tractament confidencial d\u00b4aquestes dades. Per aix\u00f2, ha implantat totes les mesures de seguretat t\u00e8cniques i organitzatives necess\u00e0ries que garanteixin la integritat, confidencialitat i disponibilitat de les dades personals facilitades per l&#039;usuari, en particular les estipulades al RGDP (Reglament General de la Protecci\u00f3 de Dades \u2013 UE 2016) \/679, de 27 d&#039;abril), que ha ampliat l&#039;abast de l&#039;abast de de Protecci\u00f3 de Dades de Car\u00e0cter Personal (LOPD) i el seu Reglament de desenvolupament RD 1720\/2007.<\/div>\n<div class=\"ql-block ql-align-justify\" data-block-id=\"block-16101b2f-7501-42d7-aad1-144c0d35a004\">&nbsp;<\/div>\n<div class=\"ql-block ql-align-justify\" data-block-id=\"block-312e5122-2673-465a-b3d7-9ced0238f1cd\"><strong>Protecci\u00f3 de dades de car\u00e0cter personal<\/strong><\/div>\n<div class=\"ql-block ql-align-justify\" data-block-id=\"block-1037db96-4606-4282-bd04-f8297d21957d\">Les dades personals facilitades volunt\u00e0riament seran tractades de forma confidencial, sota la protecci\u00f3 i les especificacions contingudes en el reglament vigent, i es recolliran en fitxer degudament inscrit a l&#039;Ag\u00e8ncia de Protecci\u00f3 de Dades, el responsable de la qual \u00e9s L&#039;EMPRESA, i la finalitat de la qual \u00e9s la gesti\u00f3 dels usuaris i subscriptors, aix\u00ed com la venda en l\u00ednia de productes i la resoluci\u00f3 de consultes.<\/div>\n<div class=\"ql-block ql-align-justify\" data-block-id=\"block-eb22e2b1-c000-42ee-8e22-f0b53b3697d5\">&nbsp;<\/div>\n<div class=\"ql-block ql-align-justify\" data-block-id=\"block-48fd267c-26e7-428e-b8aa-ec4e3099bbd9\">La base legal per al tractament de dades \u00e9s el consentiment del subscriptor. Tractem les dades personals dels inscrits al butllet\u00ed amb la finalitat exclusiva d&#039;enviar-los la nostra newsletter. Tractem les dades personals dels usuaris registrats i els subscriptors de pagament amb l&#039;\u00fanica finalitat de gestionar la seva vinculaci\u00f3 amb L&#039;EMPRESA el cobrament de les quotes (si escau), l&#039;organitzaci\u00f3 d&#039;activitats i campanyes i l&#039;enviament de comunicacions informatives i comercials (tamb\u00e9 per via electr\u00f2nica).<\/div>\n<div class=\"ql-block ql-align-justify\" data-block-id=\"block-b4ea6dd3-bd13-4930-9daa-79a3fe70cdef\">&nbsp;<\/div>\n<div class=\"ql-block ql-align-justify\" data-block-id=\"block-55be476f-de5c-4ddd-b6be-7031f2f21934\">Les dades personals no se cediran a tercers (a excepci\u00f3 d&#039;obligaci\u00f3 legal) i es conservaran durant el termini de sis (6) anys de conformitat amb la normativa comptable vigent i, si escau, durant deu (10) segons la normativa de prevenci\u00f3 de blanqueig de capitals.<\/div>\n<div class=\"ql-block ql-align-justify\" data-block-id=\"block-3fd0f173-bc46-4517-abe7-b5cb7983355b\">&nbsp;<\/div>\n<div class=\"ql-block ql-align-justify\" data-block-id=\"block-66f3237c-40cf-4736-8cd3-1d2da9ee4517\">L&#039;usuari pot accedir a les dades personals, aix\u00ed com sol\u00b7licitar la rectificaci\u00f3 de les dades inexactes o, si escau, sol\u00b7licitar la cancel\u00b7laci\u00f3 o supressi\u00f3 quan les dades ja no siguin necess\u00e0ries per als fins recollits. Tamb\u00e9 podr\u00e0 sol\u00b7licitar la limitaci\u00f3, portabilitat i oposici\u00f3 del tractament de les seves dades, en determinades circumst\u00e0ncies i per motius relacionats amb la seva situaci\u00f3 particular.<\/div>\n<div class=\"ql-block ql-align-justify\" data-block-id=\"block-31f8057f-7a39-4b0f-9c9e-3efd07b95d38\">&nbsp;<\/div>\n<div class=\"ql-block ql-align-justify\" data-block-id=\"block-040b8da2-09c3-4f33-ad52-63f71b6b2f93\">Podr\u00e0 revocar el consentiment a l&#039;enviament de comunicacions comercials i exercir els drets referits anteriorment, mitjan\u00e7ant l&#039;enviament d&#039;un correu electr\u00f2nic a&nbsp;<strong><a href=\"mailto:info@vinyalsfinques.com\">info@vinyalsfinques.com<\/a><\/strong>&nbsp;o adre\u00e7ant-se per correu ordinari al responsable del fitxer ubicat a l&#039;adre\u00e7a social de L&#039;EMPRESA, en ambd\u00f3s casos amb la refer\u00e8ncia: \u201cProtecci\u00f3 de Dades\u201d, a trav\u00e9s d&#039;un escrit signat a aquest efecte i adjuntant c\u00f2pia del seu DNI.<\/div>\n<div class=\"ql-block ql-align-justify\" data-block-id=\"block-2bce9ee0-330a-4b2c-9f34-ec961e3be88f\">&nbsp;<\/div>\n<div class=\"ql-block ql-align-justify\" data-block-id=\"block-ecebfd96-3422-4834-8480-57fe7d63a6bd\"><strong>Informaci\u00f3 sobre cookies<\/strong><\/div>\n<div class=\"ql-block ql-align-justify\" data-block-id=\"block-3c785553-be5d-4c9e-ba65-302c63eac292\">El web utilitza galetes (&#039;cookies&#039;) en la navegaci\u00f3 de l&#039;usuari pels seus llocs web per facilitar la personalitzaci\u00f3 i comoditat de la navegaci\u00f3.<\/div>\n<div class=\"ql-block ql-align-justify\" data-block-id=\"block-67b1fa8e-1938-47cf-ac52-2dc7722500f2\">&nbsp;<\/div>\n<div class=\"ql-block ql-align-justify\" data-block-id=\"block-5f4115ac-45c0-4ce1-8e18-ead6ff9449c3\">Una galeta \u00e9s un fragment d&#039;informaci\u00f3 enviat des d&#039;un servidor de p\u00e0gines web a un navegador que pot ser retornat pel navegador en accessos posteriors a aquest servidor. Les galetes s&#039;associen a l&#039;usuari an\u00f2nim i al vostre ordinador i no proporcionen per si mateixes ni el nom ni els cognoms de l&#039;usuari.<\/div>\n<div class=\"ql-block ql-align-justify\" data-block-id=\"block-aa7f14d4-e01e-4cf2-a215-e2de3f5ce2c4\">&nbsp;<\/div>\n<div class=\"ql-block ql-align-justify\" data-block-id=\"block-694f26c3-98f1-4d18-a44a-46bfc778f8bc\">En aquesta web s&#039;utilitzen galetes de Google per mostrar anuncis publicitaris basats en anteriors visites a la web oa altres webs que tamb\u00e9 mostren anuncis de Google. Els usuaris poden optar per no admetre el seguiment mitjan\u00e7ant galetes de publicitat accedint a: <a class=\"ql-link\" href=\"https:\/\/www.google.com\/settings\/ads\" target=\"_blank\" rel=\"noopener noreferrer\">https:\/\/www.google.com\/settings\/ads<\/a><\/div>\n<div class=\"ql-block ql-align-justify\" data-block-id=\"block-f6904aca-557a-4990-96eb-6453ebca8a9b\">&nbsp;<\/div>\n<div class=\"ql-block ql-align-justify\" data-block-id=\"block-aa3c4584-14ca-4718-a26e-268e5a965479\"><strong>Tipus de cookies<\/strong><\/div>\n<ul>\n<li>Galetes de Registre: Per identificar l&#039;usuari que ha iniciat sessi\u00f3.<\/li>\n<li>Cookies de Publicitat: Per poder oferir continguts publicitaris relacionats amb els interessos de l&#039;usuari, ja sigui directament oa trav\u00e9s de tercers anomenats Adservers.<\/li>\n<li>Galetes Anal\u00edtiques: Per obtenir informaci\u00f3 relacionada amb el mesurament de l&#039;audi\u00e8ncia.<\/li>\n<li>Cookies sobre Geo-localitzaci\u00f3: Donen informaci\u00f3 sobre la ubicaci\u00f3 geogr\u00e0fica de l&#039;usuari.<\/li>\n<li>&nbsp;<\/li>\n<\/ul>\n<div class=\"ql-block ql-align-justify\" data-block-id=\"block-d2fd2b2f-bb43-4388-a574-4cb2480b075c\">L&#039;usuari t\u00e9 la possibilitat de configurar el navegador de manera que sigui informat de la recepci\u00f3 de &#039;cookies&#039;, amb la possibilitat, si ho desitja, d&#039;impedir que s&#039;instal\u00b7lin al disc dur. Tot i aix\u00f2, per accedir a la web no \u00e9s preceptiva la instal\u00b7laci\u00f3 de &#039;cookies&#039;.<\/div>\n<div class=\"ql-block ql-align-justify\" data-block-id=\"block-f61dd2ba-2943-4a6f-ae98-e8c6713d727a\">&nbsp;<\/div>\n<div class=\"ql-block ql-align-justify\" data-block-id=\"block-d0e2814e-5e5e-44ea-adf9-d5c0593de6b3\">Segons el tipus de navegador que utilitzi l&#039;usuari pot deshabilitar l&#039;\u00fas de les galetes a:<\/div>\n<div class=\"ql-block ql-align-justify\" data-block-id=\"block-767a2f2b-dc71-4a55-a6ee-51787c830d62\">Chrome: Configuraci\u00f3 &gt; Configuraci\u00f3 avan\u00e7ada &gt; Privadesa i seguretat &gt; Configuraci\u00f3 del contingut<\/div>\n<div class=\"ql-block ql-align-justify\" data-block-id=\"block-189788c7-d7b3-4ea7-b4db-f926465f0026\">Firefox: Opcions &gt; Privadesa i seguretat<\/div>\n<div class=\"ql-block ql-align-justify\" data-block-id=\"block-ecd0c2f3-4dd4-4eda-bfc4-2d2a71514c75\">Edge: Configuraci\u00f3 &gt; Configuraci\u00f3 avan\u00e7ada &gt; Privadesa i serveis<\/div>\n<div class=\"ql-block ql-align-justify\" data-block-id=\"block-0be5ddb4-5064-4dff-938f-f1bb45676492\">Safari: Prefer\u00e8ncies &gt; Privadesa<\/div>\n<div class=\"ql-block ql-align-justify\" data-block-id=\"block-698c473b-f9f0-49de-b06a-4f97a917e084\">&nbsp;<\/div>\n<div class=\"ql-block ql-align-justify\" data-block-id=\"block-4717c2a6-ef33-4db6-89c8-68af0afbe501\"><strong>LSSICE<\/strong><\/div>\n<div class=\"ql-block ql-align-justify\" data-block-id=\"block-7a712161-8758-44bd-9f39-3400239f9ad6\">Aix\u00ed mateix, informem que no utilitzem aquestes dades per enviar comunicacions comercials per correu electr\u00f2nic no sol\u00b7licitades o no autoritzades expressament i pr\u00e8viament per l&#039;interessat, segons all\u00f2 estipulat a la LSSICE.<\/div>\n<div class=\"ql-block ql-align-justify\" data-block-id=\"block-5356b3e6-24d5-416f-90f4-08002362d95b\">&nbsp;<\/div>\n<div class=\"ql-block ql-align-justify\" data-block-id=\"block-52b659b2-c7ed-494b-96e2-ed60b4120e9f\"><strong>Comunicacions<\/strong><\/div>\n<div class=\"ql-block ql-align-justify\" data-block-id=\"block-c6125df7-aa78-4d61-b69d-fc6fb72ac374\">Per efectuar qualsevol notificaci\u00f3 en relaci\u00f3 amb aquest contracte, l&#039;EMPRESA designa expressament com a domicili al que figura al present text i l&#039;usuari designa expressament com a domicili al que figuri al formulari de sol\u00b7licitud. Per dur a terme la contractaci\u00f3, s&#039;obliga a mantenir operativa, activa i actualitzada l&#039;adre\u00e7a de correu electr\u00f2nic (e-mail) proporcionada per a les comunicacions amb l&#039;EMPRESA, ja que \u00e9s el mitj\u00e0 de comunicaci\u00f3 preferent (encara que no l&#039;\u00fanic). En general, l&#039;usuari es compromet i obliga a tenir actualitzades de manera permanent les seves dades personals i de contacte; i ha de comunicar, de manera fefaent, qualsevol canvi. La manca d&#039;aquesta comunicaci\u00f3 implicar\u00e0 que es consideraran v\u00e0lides les notificacions efectuades a l&#039;adre\u00e7a que constava al formulari.<\/div>\n<div class=\"ql-block ql-align-justify\" data-block-id=\"block-e17a8a74-62b5-42f2-b6d0-0e7bd6f47db8\">&nbsp;<\/div>\n<div class=\"ql-block ql-align-justify\" data-block-id=\"block-cffa9175-98da-41f8-b4b6-0417e7afa253\"><strong>Nul\u00b7litat i inefic\u00e0cia de les cl\u00e0usules<\/strong><\/div>\n<div class=\"ql-block ql-align-justify\" data-block-id=\"block-10edce43-e32d-460a-aefb-8a0b997738b4\">Si qualsevol cl\u00e0usula de la present Pol\u00edtica de Privadesa juntament amb la Pol\u00edtica de Privadesa i la Pol\u00edtica de Cookies fos declarada totalment o parcialment nul\u00b7la o inefica\u00e7, afectar\u00e0 nom\u00e9s a aquesta disposici\u00f3 o part d&#039;aquesta que resulti nul\u00b7la o inefica\u00e7, subsistint en tota la resta de la resta de condicions generals i tenint-se tal disposici\u00f3 o la part de la mateixa resulta que no resulti d&#039;aquesta que oa la part d&#039;aquesta aquestes condicions generals, les hauria d&#039;afectar de forma integral.<\/div>\n<div class=\"ql-block ql-align-justify\" data-block-id=\"block-4ef82436-bda8-4c37-982c-6b55896d21d6\">&nbsp;<\/div>\n<div class=\"ql-block ql-align-justify\" data-block-id=\"block-973854f3-aaa6-4db6-9d74-355ba5b10628\"><strong>Llei aplicable i jurisdicci\u00f3<\/strong><\/div>\n<div class=\"ql-block ql-align-justify\" data-block-id=\"block-c409f606-ace4-48e7-b021-d3808c827d11\">Per a la resoluci\u00f3 de totes les controv\u00e8rsies o q\u00fcestions relacionades amb aquest lloc web o de les activitats que es desenvolupin, s&#039;aplicar\u00e0 la legislaci\u00f3 espanyola en tots els casos, a qu\u00e8 se sotmeten expressament les parts. El mer fet de la utilitzaci\u00f3 dels serveis aquest lloc web pressuposa l&#039;acceptaci\u00f3 expressa de la dita acceptaci\u00f3 de la jurisdicci\u00f3 espanyola.<\/div>\n<div class=\"ql-block ql-align-justify\" data-block-id=\"block-32261467-29b3-41ef-b2fa-36e8b9ad431e\">&nbsp;<\/div>\n<div class=\"ql-block ql-align-justify\" data-block-id=\"block-80488ef9-9c5b-4bf8-a27e-0ce212a29924\">Aix\u00ed mateix, i amb l&#039;excepci\u00f3 del que s&#039;expressa en el par\u00e0graf seg\u00fcent, les parts que intervenen acorden que tot litigi, discrep\u00e0ncia, q\u00fcesti\u00f3 o reclamaci\u00f3 resultant de l&#039;execuci\u00f3 o interpretaci\u00f3 de les presents condicions o relacionat, o d&#039;altres textos que poguessin existir al lloc web, es resoldran definitivament mitjan\u00e7ant sotmetiment als jutjats i tribunals de Barcelona amb ren\u00fancia. competent.<\/div>\n<div class=\"ql-block ql-align-justify\" data-block-id=\"block-d5a67360-cef7-4465-af29-55a8a85e64c4\">&nbsp;<\/div>\n<div class=\"ql-block ql-align-justify\" data-block-id=\"block-dbf5c4e4-929c-42ec-886c-4141453296ec\">El par\u00e0graf anterior no s&#039;aplica en cas que una de les parts sigui un consumidor o usuari segons la definici\u00f3 de la normativa de protecci\u00f3 dels Consumidors i Usuaris (Reial Decret Legislatiu 1\/2007, de 16 de novembre, pel qual s&#039;aprova el text ref\u00f3s de la Llei General per a la Defensa dels Consumidors i Usuaris i altres lleis complement\u00e0ries), en tal cas, preferent el lloc designat en aquesta legislaci\u00f3.<\/div>\t\t\t\t\t\t\t\t<\/div>\n\t\t\t\t\t<\/div>\n\t\t\t\t<\/div>\n\t\t\t\t<\/div>","protected":false},"excerpt":{"rendered":"<p>La presente Pol\u00edtica de Privacidad constituye junto con las Normas de participaci\u00f3n y el aviso legal el marco jur\u00eddico que regula el uso del sitio web https:\/\/promo.vinyalsfinques.com\/. La presente Pol\u00edtica de Privacidad en concreto regula el uso y tratamiento que LA EMPRESA da a sus datos de car\u00e1cter personal como usuario del Sitio web, ya [&hellip;]<\/p>","protected":false},"author":1,"featured_media":0,"parent":0,"menu_order":0,"comment_status":"closed","ping_status":"closed","template":"","meta":{"footnotes":""},"class_list":["post-342","page","type-page","status-publish","hentry"],"_links":{"self":[{"href":"https:\/\/promo.vinyalsfinques.com\/ca\/wp-json\/wp\/v2\/pages\/342","targetHints":{"allow":["GET"]}}],"collection":[{"href":"https:\/\/promo.vinyalsfinques.com\/ca\/wp-json\/wp\/v2\/pages"}],"about":[{"href":"https:\/\/promo.vinyalsfinques.com\/ca\/wp-json\/wp\/v2\/types\/page"}],"author":[{"embeddable":true,"href":"https:\/\/promo.vinyalsfinques.com\/ca\/wp-json\/wp\/v2\/users\/1"}],"replies":[{"embeddable":true,"href":"https:\/\/promo.vinyalsfinques.com\/ca\/wp-json\/wp\/v2\/comments?post=342"}],"version-history":[{"count":4,"href":"https:\/\/promo.vinyalsfinques.com\/ca\/wp-json\/wp\/v2\/pages\/342\/revisions"}],"predecessor-version":[{"id":346,"href":"https:\/\/promo.vinyalsfinques.com\/ca\/wp-json\/wp\/v2\/pages\/342\/revisions\/346"}],"wp:attachment":[{"href":"https:\/\/promo.vinyalsfinques.com\/ca\/wp-json\/wp\/v2\/media?parent=342"}],"curies":[{"name":"wp","href":"https:\/\/api.w.org\/{rel}","templated":true}]}}